{"id":12,"date":"2025-09-22T19:12:41","date_gmt":"2025-09-22T19:12:41","guid":{"rendered":"https:\/\/andeswebsolutions.com\/?page_id=12"},"modified":"2026-03-27T11:50:28","modified_gmt":"2026-03-27T11:50:28","slug":"about","status":"publish","type":"page","link":"https:\/\/andeswebsolutions.com\/index.php\/about\/","title":{"rendered":"About"},"content":{"rendered":"\t\t<div data-elementor-type=\"wp-page\" data-elementor-id=\"12\" class=\"elementor elementor-12\">\n\t\t\t\t<div class=\"elementor-element elementor-element-68ef020f e-flex e-con-boxed e-con e-parent\" data-id=\"68ef020f\" data-element_type=\"container\">\n\t\t\t\t\t<div class=\"e-con-inner\">\n\t\t<div class=\"elementor-element elementor-element-531c0010 e-flex e-con-boxed e-con e-child\" data-id=\"531c0010\" data-element_type=\"container\">\n\t\t\t\t\t<div class=\"e-con-inner\">\n\t\t\t\t<div class=\"elementor-element elementor-element-7845f594 elementor-widget elementor-widget-image\" data-id=\"7845f594\" data-element_type=\"widget\" data-widget_type=\"image.default\">\n\t\t\t\t\t\t\t\t\t\t\t\t\t\t\t<img fetchpriority=\"high\" decoding=\"async\" width=\"1024\" height=\"642\" src=\"https:\/\/andeswebsolutions.com\/wp-content\/uploads\/2026\/03\/Gemini_Generated_Image_4l2duh4l2duh4l2d-scaled-e1774454405849-1024x642.png\" class=\"attachment-large size-large wp-image-204\" alt=\"\" srcset=\"https:\/\/andeswebsolutions.com\/wp-content\/uploads\/2026\/03\/Gemini_Generated_Image_4l2duh4l2duh4l2d-scaled-e1774454405849-1024x642.png 1024w, https:\/\/andeswebsolutions.com\/wp-content\/uploads\/2026\/03\/Gemini_Generated_Image_4l2duh4l2duh4l2d-scaled-e1774454405849-300x188.png 300w, https:\/\/andeswebsolutions.com\/wp-content\/uploads\/2026\/03\/Gemini_Generated_Image_4l2duh4l2duh4l2d-scaled-e1774454405849-768x482.png 768w, https:\/\/andeswebsolutions.com\/wp-content\/uploads\/2026\/03\/Gemini_Generated_Image_4l2duh4l2duh4l2d-scaled-e1774454405849-1536x964.png 1536w, https:\/\/andeswebsolutions.com\/wp-content\/uploads\/2026\/03\/Gemini_Generated_Image_4l2duh4l2duh4l2d-scaled-e1774454405849-2048x1285.png 2048w, https:\/\/andeswebsolutions.com\/wp-content\/uploads\/2026\/03\/Gemini_Generated_Image_4l2duh4l2duh4l2d-scaled-e1774454405849-600x376.png 600w\" sizes=\"(max-width: 1024px) 100vw, 1024px\" \/>\t\t\t\t\t\t\t\t\t\t\t\t\t\t\t<\/div>\n\t\t\t\t\t<\/div>\n\t\t\t\t<\/div>\n\t\t<div class=\"elementor-element elementor-element-d451bfa e-con-full e-flex e-con e-child\" data-id=\"d451bfa\" data-element_type=\"container\">\n\t\t\t\t<div class=\"elementor-element elementor-element-2071273 elementor-align-left elementor-list-item-link-full_width elementor-widget elementor-widget-icon-list\" data-id=\"2071273\" data-element_type=\"widget\" data-widget_type=\"icon-list.default\">\n\t\t\t\t\t\t\t<ul class=\"elementor-icon-list-items\">\n\t\t\t\t\t\t\t<li class=\"elementor-icon-list-item\">\n\t\t\t\t\t\t\t\t\t\t<span class=\"elementor-icon-list-text\"><strong>Name: <\/strong>Josu\u00e9 Rinc\u00f3n<\/span>\n\t\t\t\t\t\t\t\t\t<\/li>\n\t\t\t\t\t\t\t\t<li class=\"elementor-icon-list-item\">\n\t\t\t\t\t\t\t\t\t\t<span class=\"elementor-icon-list-text\"><strong>Age: <\/strong> 21    <\/span>\n\t\t\t\t\t\t\t\t\t<\/li>\n\t\t\t\t\t\t\t\t<li class=\"elementor-icon-list-item\">\n\t\t\t\t\t\t\t\t\t\t<span class=\"elementor-icon-list-text\"><strong>Address: <\/strong> Volker-Coiter-Stra\u00dfe 13 - N\u00fcrnberg - Germany<\/span>\n\t\t\t\t\t\t\t\t\t<\/li>\n\t\t\t\t\t\t\t\t<li class=\"elementor-icon-list-item\">\n\t\t\t\t\t\t\t\t\t\t<span class=\"elementor-icon-list-text\"><strong>Email: <\/strong>jarinconruiz@gmail.com<\/span>\n\t\t\t\t\t\t\t\t\t<\/li>\n\t\t\t\t\t\t\t\t<li class=\"elementor-icon-list-item\">\n\t\t\t\t\t\t\t\t\t\t<span class=\"elementor-icon-list-text\"><strong>Phone: <\/strong>+49 163 2722069<\/span>\n\t\t\t\t\t\t\t\t\t<\/li>\n\t\t\t\t\t\t\t\t<li class=\"elementor-icon-list-item\">\n\t\t\t\t\t\t\t\t\t\t<span class=\"elementor-icon-list-text\"><strong>Freelance: <\/strong>Available<\/span>\n\t\t\t\t\t\t\t\t\t<\/li>\n\t\t\t\t\t\t\t\t<li class=\"elementor-icon-list-item\">\n\t\t\t\t\t\t\t\t\t\t<span class=\"elementor-icon-list-text\"><strong>Languages: <\/strong>Spanish (Mother Language) -  English C1 - German B1<\/span>\n\t\t\t\t\t\t\t\t\t<\/li>\n\t\t\t\t\t\t<\/ul>\n\t\t\t\t\t\t<\/div>\n\t\t\t\t<div class=\"elementor-element elementor-element-7f52133 elementor-widget elementor-widget-progress\" data-id=\"7f52133\" data-element_type=\"widget\" data-widget_type=\"progress.default\">\n\t\t\t\t\t\n\t\t<div aria-label=\"Mis habilidades\" class=\"elementor-progress-wrapper\" role=\"progressbar\" aria-valuemin=\"0\" aria-valuemax=\"100\" aria-valuenow=\"50\" aria-valuetext=\"50% (Graphic Design )\">\n\t\t\t<div class=\"elementor-progress-bar\" data-max=\"50\">\n\t\t\t\t<span class=\"elementor-progress-text\">Graphic Design <\/span>\n\t\t\t\t\t\t\t\t\t<span class=\"elementor-progress-percentage\">50%<\/span>\n\t\t\t\t\t\t\t<\/div>\n\t\t<\/div>\n\t\t\t\t\t\t<\/div>\n\t\t\t\t<div class=\"elementor-element elementor-element-7d5cb38 elementor-widget elementor-widget-progress\" data-id=\"7d5cb38\" data-element_type=\"widget\" data-widget_type=\"progress.default\">\n\t\t\t\t\t\n\t\t<div aria-label=\"Mis habilidades\" class=\"elementor-progress-wrapper\" role=\"progressbar\" aria-valuemin=\"0\" aria-valuemax=\"100\" aria-valuenow=\"75\" aria-valuetext=\"75% (Development)\">\n\t\t\t<div class=\"elementor-progress-bar\" data-max=\"75\">\n\t\t\t\t<span class=\"elementor-progress-text\">Development<\/span>\n\t\t\t\t\t\t\t\t\t<span class=\"elementor-progress-percentage\">75%<\/span>\n\t\t\t\t\t\t\t<\/div>\n\t\t<\/div>\n\t\t\t\t\t\t<\/div>\n\t\t\t\t<div class=\"elementor-element elementor-element-7d1a9c8 elementor-widget elementor-widget-progress\" data-id=\"7d1a9c8\" data-element_type=\"widget\" data-widget_type=\"progress.default\">\n\t\t\t\t\t\n\t\t<div aria-label=\"Mis habilidades\" class=\"elementor-progress-wrapper\" role=\"progressbar\" aria-valuemin=\"0\" aria-valuemax=\"100\" aria-valuenow=\"38\" aria-valuetext=\"38% (Marketing Ideas)\">\n\t\t\t<div class=\"elementor-progress-bar\" data-max=\"38\">\n\t\t\t\t<span class=\"elementor-progress-text\">Marketing Ideas<\/span>\n\t\t\t\t\t\t\t\t\t<span class=\"elementor-progress-percentage\">38%<\/span>\n\t\t\t\t\t\t\t<\/div>\n\t\t<\/div>\n\t\t\t\t\t\t<\/div>\n\t\t\t\t<div class=\"elementor-element elementor-element-3b35463 elementor-widget elementor-widget-progress\" data-id=\"3b35463\" data-element_type=\"widget\" data-widget_type=\"progress.default\">\n\t\t\t\t\t\n\t\t<div aria-label=\"Mis habilidades\" class=\"elementor-progress-wrapper\" role=\"progressbar\" aria-valuemin=\"0\" aria-valuemax=\"100\" aria-valuenow=\"63\" aria-valuetext=\"63% (Web Managment)\">\n\t\t\t<div class=\"elementor-progress-bar\" data-max=\"63\">\n\t\t\t\t<span class=\"elementor-progress-text\">Web Managment<\/span>\n\t\t\t\t\t\t\t\t\t<span class=\"elementor-progress-percentage\">63%<\/span>\n\t\t\t\t\t\t\t<\/div>\n\t\t<\/div>\n\t\t\t\t\t\t<\/div>\n\t\t\t\t<\/div>\n\t\t\t\t\t<\/div>\n\t\t\t\t<\/div>\n\t\t\t\t<\/div>\n\t\t","protected":false},"excerpt":{"rendered":"<p>Name: Josu\u00e9 Rinc\u00f3n Age: 21 Address: Volker-Coiter-Stra\u00dfe 13 &#8211; N\u00fcrnberg &#8211; Germany Email: jarinconruiz@gmail.com Phone: +49 163 2722069 Freelance: Available Languages: Spanish (Mother Language) &#8211; English C1 &#8211; German B1&hellip;<\/p>\n","protected":false},"author":1,"featured_media":0,"parent":0,"menu_order":0,"comment_status":"closed","ping_status":"closed","template":"","meta":{"footnotes":""},"class_list":["post-12","page","type-page","status-publish","hentry"],"jetpack_sharing_enabled":true,"_links":{"self":[{"href":"https:\/\/andeswebsolutions.com\/index.php\/wp-json\/wp\/v2\/pages\/12","targetHints":{"allow":["GET"]}}],"collection":[{"href":"https:\/\/andeswebsolutions.com\/index.php\/wp-json\/wp\/v2\/pages"}],"about":[{"href":"https:\/\/andeswebsolutions.com\/index.php\/wp-json\/wp\/v2\/types\/page"}],"author":[{"embeddable":true,"href":"https:\/\/andeswebsolutions.com\/index.php\/wp-json\/wp\/v2\/users\/1"}],"replies":[{"embeddable":true,"href":"https:\/\/andeswebsolutions.com\/index.php\/wp-json\/wp\/v2\/comments?post=12"}],"version-history":[{"count":32,"href":"https:\/\/andeswebsolutions.com\/index.php\/wp-json\/wp\/v2\/pages\/12\/revisions"}],"predecessor-version":[{"id":327,"href":"https:\/\/andeswebsolutions.com\/index.php\/wp-json\/wp\/v2\/pages\/12\/revisions\/327"}],"wp:attachment":[{"href":"https:\/\/andeswebsolutions.com\/index.php\/wp-json\/wp\/v2\/media?parent=12"}],"curies":[{"name":"wp","href":"https:\/\/api.w.org\/{rel}","templated":true}]}}